{"id":32,"date":"2022-07-20T00:44:33","date_gmt":"2022-07-19T22:44:33","guid":{"rendered":"http:\/\/dumagrf.cluster031.hosting.ovh.net\/?page_id=32"},"modified":"2025-09-02T09:13:37","modified_gmt":"2025-09-02T07:13:37","slug":"tubulaires","status":"publish","type":"page","link":"https:\/\/dumagri.com\/index.php\/tubulaires\/","title":{"rendered":"Tubulaires"},"content":{"rendered":"\n<h2 class=\"wp-block-heading\">Cornadis de s\u00e9curit\u00e9 DPD FIAV<\/h2>\n\n\n\n<figure class=\"wp-block-image size-large\"><img loading=\"lazy\" decoding=\"async\" width=\"1024\" height=\"768\" src=\"http:\/\/dumagrf.cluster031.hosting.ovh.net\/wp-content\/uploads\/2022\/07\/3439F422-0CE5-485E-8B11-5CCE523C9C4A-1024x768.jpeg\" alt=\"\" class=\"wp-image-62\" srcset=\"https:\/\/dumagri.com\/wp-content\/uploads\/2022\/07\/3439F422-0CE5-485E-8B11-5CCE523C9C4A-1024x768.jpeg 1024w, https:\/\/dumagri.com\/wp-content\/uploads\/2022\/07\/3439F422-0CE5-485E-8B11-5CCE523C9C4A-300x225.jpeg 300w, https:\/\/dumagri.com\/wp-content\/uploads\/2022\/07\/3439F422-0CE5-485E-8B11-5CCE523C9C4A-768x576.jpeg 768w, https:\/\/dumagri.com\/wp-content\/uploads\/2022\/07\/3439F422-0CE5-485E-8B11-5CCE523C9C4A-1536x1152.jpeg 1536w, https:\/\/dumagri.com\/wp-content\/uploads\/2022\/07\/3439F422-0CE5-485E-8B11-5CCE523C9C4A-2048x1536.jpeg 2048w\" sizes=\"auto, (max-width: 1024px) 100vw, 1024px\" \/><\/figure>\n\n\n\n<h2 class=\"wp-block-heading\">Matelas Pro mat, Bioret<\/h2>\n\n\n\n\n\n<h2 class=\"wp-block-heading\">Logette Omega sans barre de garrot pour plus de libert\u00e9 et confort<\/h2>\n\n\n\n<figure class=\"wp-block-gallery has-nested-images columns-default is-cropped wp-block-gallery-1 is-layout-flex wp-block-gallery-is-layout-flex\"><\/figure>\n","protected":false},"excerpt":{"rendered":"<p>Cornadis de s\u00e9curit\u00e9 DPD FIAV Matelas Pro mat, Bioret Logette Omega sans barre de garrot pour plus de libert\u00e9 et confort<\/p>\n","protected":false},"author":2,"featured_media":0,"parent":0,"menu_order":0,"comment_status":"closed","ping_status":"closed","template":"","meta":{"footnotes":""},"class_list":["post-32","page","type-page","status-publish","hentry"],"_links":{"self":[{"href":"https:\/\/dumagri.com\/index.php\/wp-json\/wp\/v2\/pages\/32","targetHints":{"allow":["GET"]}}],"collection":[{"href":"https:\/\/dumagri.com\/index.php\/wp-json\/wp\/v2\/pages"}],"about":[{"href":"https:\/\/dumagri.com\/index.php\/wp-json\/wp\/v2\/types\/page"}],"author":[{"embeddable":true,"href":"https:\/\/dumagri.com\/index.php\/wp-json\/wp\/v2\/users\/2"}],"replies":[{"embeddable":true,"href":"https:\/\/dumagri.com\/index.php\/wp-json\/wp\/v2\/comments?post=32"}],"version-history":[{"count":4,"href":"https:\/\/dumagri.com\/index.php\/wp-json\/wp\/v2\/pages\/32\/revisions"}],"predecessor-version":[{"id":191,"href":"https:\/\/dumagri.com\/index.php\/wp-json\/wp\/v2\/pages\/32\/revisions\/191"}],"wp:attachment":[{"href":"https:\/\/dumagri.com\/index.php\/wp-json\/wp\/v2\/media?parent=32"}],"curies":[{"name":"wp","href":"https:\/\/api.w.org\/{rel}","templated":true}]}}