{"id":30,"date":"2022-07-20T00:44:11","date_gmt":"2022-07-19T22:44:11","guid":{"rendered":"http:\/\/dumagrf.cluster031.hosting.ovh.net\/?page_id=30"},"modified":"2022-07-20T15:25:54","modified_gmt":"2022-07-20T13:25:54","slug":"systeme-brise-vent-et-porte","status":"publish","type":"page","link":"https:\/\/dumagri.com\/index.php\/systeme-brise-vent-et-porte\/","title":{"rendered":"Brise-vent et porte"},"content":{"rendered":"\n<div class=\"wp-block-columns is-layout-flex wp-container-core-columns-is-layout-9d6595d7 wp-block-columns-is-layout-flex\">\n<div class=\"wp-block-column is-layout-flow wp-block-column-is-layout-flow\">\n<figure class=\"wp-block-image size-large is-style-default\"><img loading=\"lazy\" decoding=\"async\" width=\"1024\" height=\"768\" src=\"http:\/\/dumagrf.cluster031.hosting.ovh.net\/wp-content\/uploads\/2022\/07\/1F5B4AF0-72C9-4093-9A3F-3C83586AEBB3-1024x768.jpeg\" alt=\"\" class=\"wp-image-58\" srcset=\"https:\/\/dumagri.com\/wp-content\/uploads\/2022\/07\/1F5B4AF0-72C9-4093-9A3F-3C83586AEBB3-1024x768.jpeg 1024w, https:\/\/dumagri.com\/wp-content\/uploads\/2022\/07\/1F5B4AF0-72C9-4093-9A3F-3C83586AEBB3-300x225.jpeg 300w, https:\/\/dumagri.com\/wp-content\/uploads\/2022\/07\/1F5B4AF0-72C9-4093-9A3F-3C83586AEBB3-768x576.jpeg 768w, https:\/\/dumagri.com\/wp-content\/uploads\/2022\/07\/1F5B4AF0-72C9-4093-9A3F-3C83586AEBB3-1536x1152.jpeg 1536w, https:\/\/dumagri.com\/wp-content\/uploads\/2022\/07\/1F5B4AF0-72C9-4093-9A3F-3C83586AEBB3-2048x1536.jpeg 2048w\" sizes=\"auto, (max-width: 1024px) 100vw, 1024px\" \/><\/figure>\n<\/div>\n\n\n\n<div class=\"wp-block-column is-layout-flow wp-block-column-is-layout-flow\">\n<h2 class=\"wp-block-heading\">Syst\u00e8me 1<\/h2>\n\n\n\n<p>Ouverture en haut.<\/p>\n\n\n\n<p>B\u00e2che ou filet.<\/p>\n\n\n\n<p>Jusqu&rsquo;\u00e0 120m de long et 6m de haut.<\/p>\n<\/div>\n<\/div>\n\n\n\n<div class=\"wp-block-columns is-layout-flex wp-container-core-columns-is-layout-9d6595d7 wp-block-columns-is-layout-flex\">\n<div class=\"wp-block-column is-layout-flow wp-block-column-is-layout-flow\">\n<h2 class=\"wp-block-heading\">Syst\u00e8me 4<\/h2>\n\n\n\n<p>Ouverture de haut en bas ou de bas en haut.<\/p>\n\n\n\n<p>B\u00e2che ou filet<\/p>\n\n\n\n<p>Jusqu&rsquo;\u00e0 120m de long et 4,5m de haut.<\/p>\n<\/div>\n\n\n\n<div class=\"wp-block-column is-layout-flow wp-block-column-is-layout-flow\">\n<figure class=\"wp-block-image size-large\"><img loading=\"lazy\" decoding=\"async\" width=\"1024\" height=\"768\" src=\"http:\/\/dumagrf.cluster031.hosting.ovh.net\/wp-content\/uploads\/2022\/07\/E797F1AF-F960-472D-BEEF-9D80D1CD7BE3-1024x768.jpeg\" alt=\"\" class=\"wp-image-72\" srcset=\"https:\/\/dumagri.com\/wp-content\/uploads\/2022\/07\/E797F1AF-F960-472D-BEEF-9D80D1CD7BE3-1024x768.jpeg 1024w, https:\/\/dumagri.com\/wp-content\/uploads\/2022\/07\/E797F1AF-F960-472D-BEEF-9D80D1CD7BE3-300x225.jpeg 300w, https:\/\/dumagri.com\/wp-content\/uploads\/2022\/07\/E797F1AF-F960-472D-BEEF-9D80D1CD7BE3-768x576.jpeg 768w, https:\/\/dumagri.com\/wp-content\/uploads\/2022\/07\/E797F1AF-F960-472D-BEEF-9D80D1CD7BE3-1536x1152.jpeg 1536w, https:\/\/dumagri.com\/wp-content\/uploads\/2022\/07\/E797F1AF-F960-472D-BEEF-9D80D1CD7BE3-2048x1536.jpeg 2048w\" sizes=\"auto, (max-width: 1024px) 100vw, 1024px\" \/><\/figure>\n<\/div>\n<\/div>\n\n\n\n<div class=\"wp-block-columns is-layout-flex wp-container-core-columns-is-layout-9d6595d7 wp-block-columns-is-layout-flex\">\n<div class=\"wp-block-column is-layout-flow wp-block-column-is-layout-flow\">\n<figure class=\"wp-block-image size-large\"><img loading=\"lazy\" decoding=\"async\" width=\"1024\" height=\"768\" src=\"http:\/\/dumagrf.cluster031.hosting.ovh.net\/wp-content\/uploads\/2022\/07\/ED91B5C6-C286-4C61-8B35-79C54931EACD-1024x768.jpeg\" alt=\"\" class=\"wp-image-73\" srcset=\"https:\/\/dumagri.com\/wp-content\/uploads\/2022\/07\/ED91B5C6-C286-4C61-8B35-79C54931EACD-1024x768.jpeg 1024w, https:\/\/dumagri.com\/wp-content\/uploads\/2022\/07\/ED91B5C6-C286-4C61-8B35-79C54931EACD-300x225.jpeg 300w, https:\/\/dumagri.com\/wp-content\/uploads\/2022\/07\/ED91B5C6-C286-4C61-8B35-79C54931EACD-768x576.jpeg 768w, https:\/\/dumagri.com\/wp-content\/uploads\/2022\/07\/ED91B5C6-C286-4C61-8B35-79C54931EACD-1536x1152.jpeg 1536w, https:\/\/dumagri.com\/wp-content\/uploads\/2022\/07\/ED91B5C6-C286-4C61-8B35-79C54931EACD-2048x1536.jpeg 2048w\" sizes=\"auto, (max-width: 1024px) 100vw, 1024px\" \/><\/figure>\n<\/div>\n\n\n\n<div class=\"wp-block-column is-layout-flow wp-block-column-is-layout-flow\">\n<h2 class=\"wp-block-heading\">Syst\u00e8me 5<\/h2>\n\n\n\n<p>Ouverture de haut en bas ou de bas en haut.<\/p>\n\n\n\n<p>B\u00e2che ou filet<\/p>\n\n\n\n<p>Jusqu&rsquo;\u00e0 100m de long et 6m de haut.<\/p>\n<\/div>\n<\/div>\n\n\n\n<div class=\"wp-block-columns is-layout-flex wp-container-core-columns-is-layout-9d6595d7 wp-block-columns-is-layout-flex\">\n<div class=\"wp-block-column is-layout-flow wp-block-column-is-layout-flow\">\n<h2 class=\"wp-block-heading\">Porte \u00e0 enroulement WST7<\/h2>\n\n\n\n<p>Moteur mono.<\/p>\n\n\n\n<p>B\u00e2che ou filet.<\/p>\n\n\n\n<p>Largeur max : 5m.<\/p>\n\n\n\n<p>Hauteur max 6m.<\/p>\n<\/div>\n\n\n\n<div class=\"wp-block-column is-layout-flow wp-block-column-is-layout-flow\">\n<figure class=\"wp-block-image size-full\"><img loading=\"lazy\" decoding=\"async\" width=\"480\" height=\"360\" src=\"http:\/\/dumagrf.cluster031.hosting.ovh.net\/wp-content\/uploads\/2022\/07\/3C40127F-B5FF-4029-9C5F-B4F8ED7F7A8D_4_5005_c.jpeg\" alt=\"\" class=\"wp-image-59\" srcset=\"https:\/\/dumagri.com\/wp-content\/uploads\/2022\/07\/3C40127F-B5FF-4029-9C5F-B4F8ED7F7A8D_4_5005_c.jpeg 480w, https:\/\/dumagri.com\/wp-content\/uploads\/2022\/07\/3C40127F-B5FF-4029-9C5F-B4F8ED7F7A8D_4_5005_c-300x225.jpeg 300w\" sizes=\"auto, (max-width: 480px) 100vw, 480px\" \/><\/figure>\n<\/div>\n<\/div>\n\n\n\n<div class=\"wp-block-columns is-layout-flex wp-container-core-columns-is-layout-9d6595d7 wp-block-columns-is-layout-flex\">\n<div class=\"wp-block-column is-layout-flow wp-block-column-is-layout-flow\">\n<figure class=\"wp-block-image size-large\"><img loading=\"lazy\" decoding=\"async\" width=\"1024\" height=\"768\" src=\"http:\/\/dumagrf.cluster031.hosting.ovh.net\/wp-content\/uploads\/2022\/07\/B26CEC75-09B4-4207-BE1F-1536DC8D1547-1024x768.jpeg\" alt=\"\" class=\"wp-image-66\" srcset=\"https:\/\/dumagri.com\/wp-content\/uploads\/2022\/07\/B26CEC75-09B4-4207-BE1F-1536DC8D1547-1024x768.jpeg 1024w, https:\/\/dumagri.com\/wp-content\/uploads\/2022\/07\/B26CEC75-09B4-4207-BE1F-1536DC8D1547-300x225.jpeg 300w, https:\/\/dumagri.com\/wp-content\/uploads\/2022\/07\/B26CEC75-09B4-4207-BE1F-1536DC8D1547-768x576.jpeg 768w, https:\/\/dumagri.com\/wp-content\/uploads\/2022\/07\/B26CEC75-09B4-4207-BE1F-1536DC8D1547-1536x1152.jpeg 1536w, https:\/\/dumagri.com\/wp-content\/uploads\/2022\/07\/B26CEC75-09B4-4207-BE1F-1536DC8D1547-2048x1536.jpeg 2048w\" sizes=\"auto, (max-width: 1024px) 100vw, 1024px\" \/><\/figure>\n<\/div>\n\n\n\n<div class=\"wp-block-column is-layout-flow wp-block-column-is-layout-flow\">\n<h2 class=\"wp-block-heading\">Porte \u00e0 enroulement WST9<\/h2>\n\n\n\n<p>Ouverture de bas en haut.<\/p>\n\n\n\n<p>B\u00e2che ou filet.<\/p>\n\n\n\n<p>Jusqu&rsquo;\u00e0 8m de long et 6m de haut.<\/p>\n<\/div>\n<\/div>\n\n\n\n<div class=\"wp-block-columns is-layout-flex wp-container-core-columns-is-layout-9d6595d7 wp-block-columns-is-layout-flex\">\n<div class=\"wp-block-column is-layout-flow wp-block-column-is-layout-flow\">\n<figure class=\"wp-block-image size-large\"><img loading=\"lazy\" decoding=\"async\" width=\"1024\" height=\"768\" src=\"http:\/\/dumagrf.cluster031.hosting.ovh.net\/wp-content\/uploads\/2022\/07\/C9E598F3-5F8B-4810-8663-B4BE8F4E9075-1024x768.jpeg\" alt=\"\" class=\"wp-image-69\" srcset=\"https:\/\/dumagri.com\/wp-content\/uploads\/2022\/07\/C9E598F3-5F8B-4810-8663-B4BE8F4E9075-1024x768.jpeg 1024w, https:\/\/dumagri.com\/wp-content\/uploads\/2022\/07\/C9E598F3-5F8B-4810-8663-B4BE8F4E9075-300x225.jpeg 300w, https:\/\/dumagri.com\/wp-content\/uploads\/2022\/07\/C9E598F3-5F8B-4810-8663-B4BE8F4E9075-768x576.jpeg 768w, https:\/\/dumagri.com\/wp-content\/uploads\/2022\/07\/C9E598F3-5F8B-4810-8663-B4BE8F4E9075-1536x1152.jpeg 1536w, https:\/\/dumagri.com\/wp-content\/uploads\/2022\/07\/C9E598F3-5F8B-4810-8663-B4BE8F4E9075-2048x1536.jpeg 2048w\" sizes=\"auto, (max-width: 1024px) 100vw, 1024px\" \/><\/figure>\n<\/div>\n\n\n\n<div class=\"wp-block-column is-layout-flow wp-block-column-is-layout-flow\">\n<h2 class=\"wp-block-heading\">Porte grande largeur<\/h2>\n\n\n\n<p>Motor\u00e9ducteur triphas\u00e9.<\/p>\n\n\n\n<p>Largeur max 20m.<\/p>\n\n\n\n<p>Hauteur max 10m.<\/p>\n<\/div>\n<\/div>\n","protected":false},"excerpt":{"rendered":"<p>Syst\u00e8me 1 Ouverture en haut. B\u00e2che ou filet. Jusqu&rsquo;\u00e0 120m de long et 6m de haut. Syst\u00e8me 4 Ouverture de haut en bas ou de bas en haut. B\u00e2che ou filet Jusqu&rsquo;\u00e0 120m de long et 4,5m de haut. Syst\u00e8me 5 Ouverture de haut en bas ou de bas en haut. B\u00e2che ou filet Jusqu&rsquo;\u00e0 &hellip; <a href=\"https:\/\/dumagri.com\/index.php\/systeme-brise-vent-et-porte\/\" class=\"more-link\">Continuer la lecture de <span class=\"screen-reader-text\">Brise-vent et porte<\/span><\/a><\/p>\n","protected":false},"author":2,"featured_media":0,"parent":0,"menu_order":0,"comment_status":"closed","ping_status":"closed","template":"","meta":{"footnotes":""},"class_list":["post-30","page","type-page","status-publish","hentry"],"_links":{"self":[{"href":"https:\/\/dumagri.com\/index.php\/wp-json\/wp\/v2\/pages\/30","targetHints":{"allow":["GET"]}}],"collection":[{"href":"https:\/\/dumagri.com\/index.php\/wp-json\/wp\/v2\/pages"}],"about":[{"href":"https:\/\/dumagri.com\/index.php\/wp-json\/wp\/v2\/types\/page"}],"author":[{"embeddable":true,"href":"https:\/\/dumagri.com\/index.php\/wp-json\/wp\/v2\/users\/2"}],"replies":[{"embeddable":true,"href":"https:\/\/dumagri.com\/index.php\/wp-json\/wp\/v2\/comments?post=30"}],"version-history":[{"count":3,"href":"https:\/\/dumagri.com\/index.php\/wp-json\/wp\/v2\/pages\/30\/revisions"}],"predecessor-version":[{"id":80,"href":"https:\/\/dumagri.com\/index.php\/wp-json\/wp\/v2\/pages\/30\/revisions\/80"}],"wp:attachment":[{"href":"https:\/\/dumagri.com\/index.php\/wp-json\/wp\/v2\/media?parent=30"}],"curies":[{"name":"wp","href":"https:\/\/api.w.org\/{rel}","templated":true}]}}