{"id":26,"date":"2022-07-20T00:43:15","date_gmt":"2022-07-19T22:43:15","guid":{"rendered":"http:\/\/dumagrf.cluster031.hosting.ovh.net\/?page_id=26"},"modified":"2025-08-18T10:09:18","modified_gmt":"2025-08-18T08:09:18","slug":"ventilations","status":"publish","type":"page","link":"https:\/\/dumagri.com\/index.php\/ventilations\/","title":{"rendered":"Ventilations"},"content":{"rendered":"\n<p>Que ce soit en brassage ou en extraction, notre expertise de plus de 10 ans dans le domaine de la ventilation nous permet de vous apporter la solution la plus adapt\u00e9e \u00e0 vos besoins. Nous vous accompagnons dans la gestion optimale de la qualit\u00e9 de l\u2019air de vos b\u00e2timents, qu\u2019il s\u2019agisse de l\u2019\u00e9vacuation de l\u2019air vici\u00e9 ou du contr\u00f4le de la temp\u00e9rature.<\/p>\n\n\n\n<figure class=\"wp-block-video\"><video height=\"720\" style=\"aspect-ratio: 1280 \/ 720;\" width=\"1280\" autoplay controls loop muted src=\"https:\/\/dumagri.com\/wp-content\/uploads\/2025\/08\/98C7A695-E81A-4EF3-B7C5-60688AB1E0BB.mp4\"><\/video><\/figure>\n\n\n\n<h2 class=\"wp-block-heading\">Contr\u00f4le et r\u00e9gulation<\/h2>\n\n\n\n<p><br>Nous pouvons \u00e9galement vous proposer des solutions de r\u00e9gulation, allant des syst\u00e8mes simples et manuels jusqu\u2019\u00e0 des automatismes intelligents. Ces derniers vous permettent de g\u00e9rer facilement vos ventilateurs, l\u2019\u00e9clairage de votre \u00e9table ainsi que le fonctionnement automatis\u00e9 de vos volets roulants.<\/p>\n\n\n\n<figure class=\"wp-block-gallery has-nested-images columns-default is-cropped wp-block-gallery-1 is-layout-flex wp-block-gallery-is-layout-flex\"><\/figure>\n\n\n\n<figure class=\"wp-block-gallery has-nested-images columns-default is-cropped wp-block-gallery-2 is-layout-flex wp-block-gallery-is-layout-flex\">\n<figure class=\"wp-block-image size-large\"><img loading=\"lazy\" decoding=\"async\" width=\"1024\" height=\"473\" data-id=\"156\" src=\"https:\/\/dumagri.com\/wp-content\/uploads\/2025\/08\/0D12DD77-D81D-4DF7-BE6F-6427AA75D32B-1024x473.png\" alt=\"\" class=\"wp-image-156\" srcset=\"https:\/\/dumagri.com\/wp-content\/uploads\/2025\/08\/0D12DD77-D81D-4DF7-BE6F-6427AA75D32B-1024x473.png 1024w, https:\/\/dumagri.com\/wp-content\/uploads\/2025\/08\/0D12DD77-D81D-4DF7-BE6F-6427AA75D32B-300x139.png 300w, https:\/\/dumagri.com\/wp-content\/uploads\/2025\/08\/0D12DD77-D81D-4DF7-BE6F-6427AA75D32B-768x355.png 768w, https:\/\/dumagri.com\/wp-content\/uploads\/2025\/08\/0D12DD77-D81D-4DF7-BE6F-6427AA75D32B-1536x710.png 1536w, https:\/\/dumagri.com\/wp-content\/uploads\/2025\/08\/0D12DD77-D81D-4DF7-BE6F-6427AA75D32B.png 2048w\" sizes=\"auto, (max-width: 1024px) 100vw, 1024px\" \/><\/figure>\n\n\n\n<figure class=\"wp-block-image size-large\"><img loading=\"lazy\" decoding=\"async\" width=\"1024\" height=\"768\" data-id=\"169\" src=\"https:\/\/dumagri.com\/wp-content\/uploads\/2025\/08\/0E9C46FF-00BE-4FA0-B222-F0986CE4B5F0-1024x768.png\" alt=\"\" class=\"wp-image-169\" srcset=\"https:\/\/dumagri.com\/wp-content\/uploads\/2025\/08\/0E9C46FF-00BE-4FA0-B222-F0986CE4B5F0-1024x768.png 1024w, https:\/\/dumagri.com\/wp-content\/uploads\/2025\/08\/0E9C46FF-00BE-4FA0-B222-F0986CE4B5F0-300x225.png 300w, https:\/\/dumagri.com\/wp-content\/uploads\/2025\/08\/0E9C46FF-00BE-4FA0-B222-F0986CE4B5F0-768x576.png 768w, https:\/\/dumagri.com\/wp-content\/uploads\/2025\/08\/0E9C46FF-00BE-4FA0-B222-F0986CE4B5F0-1536x1152.png 1536w, https:\/\/dumagri.com\/wp-content\/uploads\/2025\/08\/0E9C46FF-00BE-4FA0-B222-F0986CE4B5F0.png 2048w\" sizes=\"auto, (max-width: 1024px) 100vw, 1024px\" \/><\/figure>\n\n\n\n<figure class=\"wp-block-image size-large\"><img loading=\"lazy\" decoding=\"async\" width=\"1024\" height=\"768\" data-id=\"168\" src=\"https:\/\/dumagri.com\/wp-content\/uploads\/2025\/08\/2A540D84-42A7-48F5-B866-58F89FFA0750-1024x768.png\" alt=\"\" class=\"wp-image-168\" srcset=\"https:\/\/dumagri.com\/wp-content\/uploads\/2025\/08\/2A540D84-42A7-48F5-B866-58F89FFA0750-1024x768.png 1024w, https:\/\/dumagri.com\/wp-content\/uploads\/2025\/08\/2A540D84-42A7-48F5-B866-58F89FFA0750-300x225.png 300w, https:\/\/dumagri.com\/wp-content\/uploads\/2025\/08\/2A540D84-42A7-48F5-B866-58F89FFA0750-768x576.png 768w, https:\/\/dumagri.com\/wp-content\/uploads\/2025\/08\/2A540D84-42A7-48F5-B866-58F89FFA0750-1536x1152.png 1536w, https:\/\/dumagri.com\/wp-content\/uploads\/2025\/08\/2A540D84-42A7-48F5-B866-58F89FFA0750.png 2048w\" sizes=\"auto, (max-width: 1024px) 100vw, 1024px\" \/><\/figure>\n\n\n\n<figure class=\"wp-block-image size-large\"><img loading=\"lazy\" decoding=\"async\" width=\"1024\" height=\"768\" data-id=\"172\" src=\"https:\/\/dumagri.com\/wp-content\/uploads\/2025\/08\/3C368833-4E55-4AD1-8949-1884A8B5A4FB-1024x768.png\" alt=\"\" class=\"wp-image-172\" srcset=\"https:\/\/dumagri.com\/wp-content\/uploads\/2025\/08\/3C368833-4E55-4AD1-8949-1884A8B5A4FB-1024x768.png 1024w, https:\/\/dumagri.com\/wp-content\/uploads\/2025\/08\/3C368833-4E55-4AD1-8949-1884A8B5A4FB-300x225.png 300w, https:\/\/dumagri.com\/wp-content\/uploads\/2025\/08\/3C368833-4E55-4AD1-8949-1884A8B5A4FB-768x576.png 768w, https:\/\/dumagri.com\/wp-content\/uploads\/2025\/08\/3C368833-4E55-4AD1-8949-1884A8B5A4FB-1536x1152.png 1536w, https:\/\/dumagri.com\/wp-content\/uploads\/2025\/08\/3C368833-4E55-4AD1-8949-1884A8B5A4FB.png 2048w\" sizes=\"auto, (max-width: 1024px) 100vw, 1024px\" \/><\/figure>\n\n\n\n<figure class=\"wp-block-image size-large\"><img loading=\"lazy\" decoding=\"async\" width=\"1024\" height=\"768\" data-id=\"176\" src=\"https:\/\/dumagri.com\/wp-content\/uploads\/2025\/08\/03FFE1DF-B132-4150-A2DA-885818CA3B15-1024x768.png\" alt=\"\" class=\"wp-image-176\" srcset=\"https:\/\/dumagri.com\/wp-content\/uploads\/2025\/08\/03FFE1DF-B132-4150-A2DA-885818CA3B15-1024x768.png 1024w, https:\/\/dumagri.com\/wp-content\/uploads\/2025\/08\/03FFE1DF-B132-4150-A2DA-885818CA3B15-300x225.png 300w, https:\/\/dumagri.com\/wp-content\/uploads\/2025\/08\/03FFE1DF-B132-4150-A2DA-885818CA3B15-768x576.png 768w, https:\/\/dumagri.com\/wp-content\/uploads\/2025\/08\/03FFE1DF-B132-4150-A2DA-885818CA3B15-1536x1152.png 1536w, https:\/\/dumagri.com\/wp-content\/uploads\/2025\/08\/03FFE1DF-B132-4150-A2DA-885818CA3B15.png 2048w\" sizes=\"auto, (max-width: 1024px) 100vw, 1024px\" \/><\/figure>\n\n\n\n<figure class=\"wp-block-image size-large\"><img loading=\"lazy\" decoding=\"async\" width=\"1024\" height=\"768\" data-id=\"175\" src=\"https:\/\/dumagri.com\/wp-content\/uploads\/2025\/08\/3780D78C-E0D5-4682-B6D6-5DA2ED48A0DF-1024x768.png\" alt=\"\" class=\"wp-image-175\" srcset=\"https:\/\/dumagri.com\/wp-content\/uploads\/2025\/08\/3780D78C-E0D5-4682-B6D6-5DA2ED48A0DF-1024x768.png 1024w, https:\/\/dumagri.com\/wp-content\/uploads\/2025\/08\/3780D78C-E0D5-4682-B6D6-5DA2ED48A0DF-300x225.png 300w, https:\/\/dumagri.com\/wp-content\/uploads\/2025\/08\/3780D78C-E0D5-4682-B6D6-5DA2ED48A0DF-768x576.png 768w, https:\/\/dumagri.com\/wp-content\/uploads\/2025\/08\/3780D78C-E0D5-4682-B6D6-5DA2ED48A0DF-1536x1152.png 1536w, https:\/\/dumagri.com\/wp-content\/uploads\/2025\/08\/3780D78C-E0D5-4682-B6D6-5DA2ED48A0DF.png 2048w\" sizes=\"auto, (max-width: 1024px) 100vw, 1024px\" \/><\/figure>\n\n\n\n<figure class=\"wp-block-image size-large\"><img loading=\"lazy\" decoding=\"async\" width=\"1024\" height=\"473\" data-id=\"155\" src=\"https:\/\/dumagri.com\/wp-content\/uploads\/2025\/08\/5074A30D-84C3-4FE4-AE3B-B0EA87CA863D-1024x473.png\" alt=\"\" class=\"wp-image-155\" srcset=\"https:\/\/dumagri.com\/wp-content\/uploads\/2025\/08\/5074A30D-84C3-4FE4-AE3B-B0EA87CA863D-1024x473.png 1024w, https:\/\/dumagri.com\/wp-content\/uploads\/2025\/08\/5074A30D-84C3-4FE4-AE3B-B0EA87CA863D-300x139.png 300w, https:\/\/dumagri.com\/wp-content\/uploads\/2025\/08\/5074A30D-84C3-4FE4-AE3B-B0EA87CA863D-768x355.png 768w, https:\/\/dumagri.com\/wp-content\/uploads\/2025\/08\/5074A30D-84C3-4FE4-AE3B-B0EA87CA863D-1536x710.png 1536w, https:\/\/dumagri.com\/wp-content\/uploads\/2025\/08\/5074A30D-84C3-4FE4-AE3B-B0EA87CA863D.png 2048w\" sizes=\"auto, (max-width: 1024px) 100vw, 1024px\" \/><\/figure>\n\n\n\n<figure class=\"wp-block-image size-large\"><img loading=\"lazy\" decoding=\"async\" width=\"1024\" height=\"768\" data-id=\"177\" src=\"https:\/\/dumagri.com\/wp-content\/uploads\/2025\/08\/B6F2F246-740F-4D83-A28B-59E82218AC62-1024x768.png\" alt=\"\" class=\"wp-image-177\" srcset=\"https:\/\/dumagri.com\/wp-content\/uploads\/2025\/08\/B6F2F246-740F-4D83-A28B-59E82218AC62-1024x768.png 1024w, https:\/\/dumagri.com\/wp-content\/uploads\/2025\/08\/B6F2F246-740F-4D83-A28B-59E82218AC62-300x225.png 300w, https:\/\/dumagri.com\/wp-content\/uploads\/2025\/08\/B6F2F246-740F-4D83-A28B-59E82218AC62-768x576.png 768w, https:\/\/dumagri.com\/wp-content\/uploads\/2025\/08\/B6F2F246-740F-4D83-A28B-59E82218AC62-1536x1152.png 1536w, https:\/\/dumagri.com\/wp-content\/uploads\/2025\/08\/B6F2F246-740F-4D83-A28B-59E82218AC62.png 2048w\" sizes=\"auto, (max-width: 1024px) 100vw, 1024px\" \/><\/figure>\n\n\n\n<figure class=\"wp-block-image size-large\"><img loading=\"lazy\" decoding=\"async\" width=\"1024\" height=\"768\" data-id=\"171\" src=\"https:\/\/dumagri.com\/wp-content\/uploads\/2025\/08\/C48CE757-EA8D-49BF-9384-387206C851FC-1024x768.png\" alt=\"\" class=\"wp-image-171\" srcset=\"https:\/\/dumagri.com\/wp-content\/uploads\/2025\/08\/C48CE757-EA8D-49BF-9384-387206C851FC-1024x768.png 1024w, https:\/\/dumagri.com\/wp-content\/uploads\/2025\/08\/C48CE757-EA8D-49BF-9384-387206C851FC-300x225.png 300w, https:\/\/dumagri.com\/wp-content\/uploads\/2025\/08\/C48CE757-EA8D-49BF-9384-387206C851FC-768x576.png 768w, https:\/\/dumagri.com\/wp-content\/uploads\/2025\/08\/C48CE757-EA8D-49BF-9384-387206C851FC-1536x1152.png 1536w, https:\/\/dumagri.com\/wp-content\/uploads\/2025\/08\/C48CE757-EA8D-49BF-9384-387206C851FC.png 2048w\" sizes=\"auto, (max-width: 1024px) 100vw, 1024px\" \/><\/figure>\n\n\n\n<figure class=\"wp-block-image size-large\"><img loading=\"lazy\" decoding=\"async\" width=\"1024\" height=\"768\" data-id=\"170\" src=\"https:\/\/dumagri.com\/wp-content\/uploads\/2025\/08\/CDEAF0AD-02D1-48F7-A5A3-08E915A2A7FB-1024x768.png\" alt=\"\" class=\"wp-image-170\" srcset=\"https:\/\/dumagri.com\/wp-content\/uploads\/2025\/08\/CDEAF0AD-02D1-48F7-A5A3-08E915A2A7FB-1024x768.png 1024w, https:\/\/dumagri.com\/wp-content\/uploads\/2025\/08\/CDEAF0AD-02D1-48F7-A5A3-08E915A2A7FB-300x225.png 300w, https:\/\/dumagri.com\/wp-content\/uploads\/2025\/08\/CDEAF0AD-02D1-48F7-A5A3-08E915A2A7FB-768x576.png 768w, https:\/\/dumagri.com\/wp-content\/uploads\/2025\/08\/CDEAF0AD-02D1-48F7-A5A3-08E915A2A7FB-1536x1152.png 1536w, https:\/\/dumagri.com\/wp-content\/uploads\/2025\/08\/CDEAF0AD-02D1-48F7-A5A3-08E915A2A7FB.png 2048w\" sizes=\"auto, (max-width: 1024px) 100vw, 1024px\" \/><\/figure>\n\n\n\n<figure class=\"wp-block-image size-full\"><img loading=\"lazy\" decoding=\"async\" width=\"800\" height=\"600\" data-id=\"185\" src=\"https:\/\/dumagri.com\/wp-content\/uploads\/2025\/08\/small_10_front_dairy.webp\" alt=\"\" class=\"wp-image-185\" srcset=\"https:\/\/dumagri.com\/wp-content\/uploads\/2025\/08\/small_10_front_dairy.webp 800w, https:\/\/dumagri.com\/wp-content\/uploads\/2025\/08\/small_10_front_dairy-300x225.webp 300w, https:\/\/dumagri.com\/wp-content\/uploads\/2025\/08\/small_10_front_dairy-768x576.webp 768w\" sizes=\"auto, (max-width: 800px) 100vw, 800px\" \/><\/figure>\n\n\n\n<figure class=\"wp-block-image size-large\"><img loading=\"lazy\" decoding=\"async\" width=\"1024\" height=\"768\" data-id=\"174\" src=\"https:\/\/dumagri.com\/wp-content\/uploads\/2025\/08\/E2C2F161-6BA6-46A1-BCC0-289920AA0726-1024x768.png\" alt=\"\" class=\"wp-image-174\" srcset=\"https:\/\/dumagri.com\/wp-content\/uploads\/2025\/08\/E2C2F161-6BA6-46A1-BCC0-289920AA0726-1024x768.png 1024w, https:\/\/dumagri.com\/wp-content\/uploads\/2025\/08\/E2C2F161-6BA6-46A1-BCC0-289920AA0726-300x225.png 300w, https:\/\/dumagri.com\/wp-content\/uploads\/2025\/08\/E2C2F161-6BA6-46A1-BCC0-289920AA0726-768x576.png 768w, https:\/\/dumagri.com\/wp-content\/uploads\/2025\/08\/E2C2F161-6BA6-46A1-BCC0-289920AA0726-1536x1152.png 1536w, https:\/\/dumagri.com\/wp-content\/uploads\/2025\/08\/E2C2F161-6BA6-46A1-BCC0-289920AA0726.png 2048w\" sizes=\"auto, (max-width: 1024px) 100vw, 1024px\" \/><\/figure>\n<\/figure>\n\n\n\n<p><\/p>\n\n\n\n<p>Souhaitez-vous nous contacter ? nous vous proposons de le faire via notre\u00a0<a href=\"https:\/\/dumagri.com\/index.php\/contactez-nous\/\">formulaire de contact<\/a><\/p>\n","protected":false},"excerpt":{"rendered":"<p>Que ce soit en brassage ou en extraction, notre expertise de plus de 10 ans dans le domaine de la ventilation nous permet de vous apporter la solution la plus adapt\u00e9e \u00e0 vos besoins. Nous vous accompagnons dans la gestion optimale de la qualit\u00e9 de l\u2019air de vos b\u00e2timents, qu\u2019il s\u2019agisse de l\u2019\u00e9vacuation de l\u2019air &hellip; <a href=\"https:\/\/dumagri.com\/index.php\/ventilations\/\" class=\"more-link\">Continuer la lecture de <span class=\"screen-reader-text\">Ventilations<\/span><\/a><\/p>\n","protected":false},"author":2,"featured_media":0,"parent":0,"menu_order":0,"comment_status":"closed","ping_status":"closed","template":"","meta":{"footnotes":""},"class_list":["post-26","page","type-page","status-publish","hentry"],"_links":{"self":[{"href":"https:\/\/dumagri.com\/index.php\/wp-json\/wp\/v2\/pages\/26","targetHints":{"allow":["GET"]}}],"collection":[{"href":"https:\/\/dumagri.com\/index.php\/wp-json\/wp\/v2\/pages"}],"about":[{"href":"https:\/\/dumagri.com\/index.php\/wp-json\/wp\/v2\/types\/page"}],"author":[{"embeddable":true,"href":"https:\/\/dumagri.com\/index.php\/wp-json\/wp\/v2\/users\/2"}],"replies":[{"embeddable":true,"href":"https:\/\/dumagri.com\/index.php\/wp-json\/wp\/v2\/comments?post=26"}],"version-history":[{"count":8,"href":"https:\/\/dumagri.com\/index.php\/wp-json\/wp\/v2\/pages\/26\/revisions"}],"predecessor-version":[{"id":188,"href":"https:\/\/dumagri.com\/index.php\/wp-json\/wp\/v2\/pages\/26\/revisions\/188"}],"wp:attachment":[{"href":"https:\/\/dumagri.com\/index.php\/wp-json\/wp\/v2\/media?parent=26"}],"curies":[{"name":"wp","href":"https:\/\/api.w.org\/{rel}","templated":true}]}}