{"id":103,"date":"2025-02-10T20:13:41","date_gmt":"2025-02-10T19:13:41","guid":{"rendered":"https:\/\/dumagrf.cluster031.hosting.ovh.net\/?page_id=103"},"modified":"2025-02-23T20:30:35","modified_gmt":"2025-02-23T19:30:35","slug":"bienvenue-chez-dumagri-votre-expert-en-amenagement-delevage","status":"publish","type":"page","link":"https:\/\/dumagri.com\/","title":{"rendered":"Bienvenue chez Dumagri, votre expert en am\u00e9nagement d\u2019\u00e9levage"},"content":{"rendered":"\n<p>Chez Dumagri, nous mettons notre savoir-faire au service des \u00e9leveurs en proposant des solutions compl\u00e8tes pour l\u2019am\u00e9nagement des \u00e9tables bovines et bergeries. Nous installons une large gamme d\u2019\u00e9quipements essentiels au confort et \u00e0 la performance de votre exploitation : volets roulants, cam\u00e9ras de vid\u00e9osurveillance, mat\u00e9riel tubulaire, matelas, abreuvoirs, \u00e9clairage LED, syst\u00e8mes de r\u00e9gulation de temp\u00e9rature, ventilateurs, et bien plus encore.<\/p>\n\n\n\n<p>Notre engagement ? Offrir des installations durables et adapt\u00e9es \u00e0 vos besoins, am\u00e9liorant le bien-\u00eatre animal et optimisant vos conditions de travail. Faites confiance \u00e0 Dumagri pour des solutions sur mesure, alliant innovation et expertise.<\/p>\n","protected":false},"excerpt":{"rendered":"<p>Chez Dumagri, nous mettons notre savoir-faire au service des \u00e9leveurs en proposant des solutions compl\u00e8tes pour l\u2019am\u00e9nagement des \u00e9tables bovines et bergeries. Nous installons une large gamme d\u2019\u00e9quipements essentiels au confort et \u00e0 la performance de votre exploitation : volets roulants, cam\u00e9ras de vid\u00e9osurveillance, mat\u00e9riel tubulaire, matelas, abreuvoirs, \u00e9clairage LED, syst\u00e8mes de r\u00e9gulation de temp\u00e9rature, &hellip; <a href=\"https:\/\/dumagri.com\/\" class=\"more-link\">Continuer la lecture de <span class=\"screen-reader-text\">Bienvenue chez Dumagri, votre expert en am\u00e9nagement d\u2019\u00e9levage<\/span><\/a><\/p>\n","protected":false},"author":2,"featured_media":0,"parent":0,"menu_order":0,"comment_status":"closed","ping_status":"closed","template":"","meta":{"footnotes":""},"class_list":["post-103","page","type-page","status-publish","hentry"],"_links":{"self":[{"href":"https:\/\/dumagri.com\/index.php\/wp-json\/wp\/v2\/pages\/103","targetHints":{"allow":["GET"]}}],"collection":[{"href":"https:\/\/dumagri.com\/index.php\/wp-json\/wp\/v2\/pages"}],"about":[{"href":"https:\/\/dumagri.com\/index.php\/wp-json\/wp\/v2\/types\/page"}],"author":[{"embeddable":true,"href":"https:\/\/dumagri.com\/index.php\/wp-json\/wp\/v2\/users\/2"}],"replies":[{"embeddable":true,"href":"https:\/\/dumagri.com\/index.php\/wp-json\/wp\/v2\/comments?post=103"}],"version-history":[{"count":2,"href":"https:\/\/dumagri.com\/index.php\/wp-json\/wp\/v2\/pages\/103\/revisions"}],"predecessor-version":[{"id":115,"href":"https:\/\/dumagri.com\/index.php\/wp-json\/wp\/v2\/pages\/103\/revisions\/115"}],"wp:attachment":[{"href":"https:\/\/dumagri.com\/index.php\/wp-json\/wp\/v2\/media?parent=103"}],"curies":[{"name":"wp","href":"https:\/\/api.w.org\/{rel}","templated":true}]}}